{"id":368,"date":"2019-11-15T09:08:11","date_gmt":"2019-11-15T09:08:11","guid":{"rendered":"http:\/\/beintea.ca\/?post_type=product&#038;p=368"},"modified":"2024-03-23T11:33:08","modified_gmt":"2024-03-23T11:33:08","slug":"earl-grey-tea","status":"publish","type":"product","link":"https:\/\/beintea.ca\/fr\/produit\/earl-grey-tea\/","title":{"rendered":"Th\u00e9 Earl Grey"},"content":{"rendered":"<p>Croyez-le ou non, le th\u00e9 Earl Grey n'est pas sa propre cat\u00e9gorie de th\u00e9. Il entre dans la cat\u00e9gorie des th\u00e9s aromatis\u00e9s. Les th\u00e9s aromatis\u00e9s comprennent tout type de th\u00e9 \u2014 blanc, vert, oolong, noir \u2014 qui a \u00e9t\u00e9 parfum\u00e9 ou aromatis\u00e9 avec des fruits, des fleurs, des \u00e9pices, des huiles, des extraits et des ar\u00f4mes naturels ou artificiels.<\/p>","protected":false},"excerpt":{"rendered":"<p>Croyez-le ou non, le th\u00e9 Earl Grey n'est pas sa propre cat\u00e9gorie de th\u00e9. Il entre dans la cat\u00e9gorie des th\u00e9s aromatis\u00e9s. Les th\u00e9s aromatis\u00e9s comprennent tout type de th\u00e9 \u2014 blanc, vert, oolong, noir \u2014 qui a \u00e9t\u00e9 parfum\u00e9 ou aromatis\u00e9 avec des fruits, des fleurs, des \u00e9pices, des huiles, des extraits et des ar\u00f4mes naturels ou artificiels.<\/p>","protected":false},"featured_media":339,"comment_status":"open","ping_status":"closed","template":"","meta":[],"product_cat":[40],"product_tag":[41],"_links":{"self":[{"href":"https:\/\/beintea.ca\/fr\/wp-json\/wp\/v2\/product\/368"}],"collection":[{"href":"https:\/\/beintea.ca\/fr\/wp-json\/wp\/v2\/product"}],"about":[{"href":"https:\/\/beintea.ca\/fr\/wp-json\/wp\/v2\/types\/product"}],"replies":[{"embeddable":true,"href":"https:\/\/beintea.ca\/fr\/wp-json\/wp\/v2\/comments?post=368"}],"wp:featuredmedia":[{"embeddable":true,"href":"https:\/\/beintea.ca\/fr\/wp-json\/wp\/v2\/media\/339"}],"wp:attachment":[{"href":"https:\/\/beintea.ca\/fr\/wp-json\/wp\/v2\/media?parent=368"}],"wp:term":[{"taxonomy":"product_cat","embeddable":true,"href":"https:\/\/beintea.ca\/fr\/wp-json\/wp\/v2\/product_cat?post=368"},{"taxonomy":"product_tag","embeddable":true,"href":"https:\/\/beintea.ca\/fr\/wp-json\/wp\/v2\/product_tag?post=368"}],"curies":[{"name":"wp","href":"https:\/\/api.w.org\/{rel}","templated":true}]}}