{"id":365,"date":"2019-11-15T08:57:59","date_gmt":"2019-11-15T08:57:59","guid":{"rendered":"http:\/\/beintea.ca\/?post_type=product&#038;p=365"},"modified":"2025-08-22T05:11:26","modified_gmt":"2025-08-22T05:11:26","slug":"black-tea","status":"publish","type":"product","link":"https:\/\/beintea.ca\/fr\/produit\/black-tea\/","title":{"rendered":"th\u00e9 noir"},"content":{"rendered":"<p>Le th\u00e9 noir est fabriqu\u00e9 \u00e0 partir des feuilles d'un buisson appel\u00e9 Camellia sinensis. Un processus appel\u00e9 oxydation fait passer les feuilles du vert \u00e0 une couleur noir brun\u00e2tre fonc\u00e9. L'oxydation signifie que les feuilles sont expos\u00e9es \u00e0 un air humide et riche en oxyg\u00e8ne.<\/p>","protected":false},"excerpt":{"rendered":"<p>Le th\u00e9 noir est fabriqu\u00e9 \u00e0 partir des feuilles d'un buisson appel\u00e9 Camellia sinensis. Un processus appel\u00e9 oxydation fait passer les feuilles du vert \u00e0 une couleur noir brun\u00e2tre fonc\u00e9. L'oxydation signifie que les feuilles sont expos\u00e9es \u00e0 un air humide et riche en oxyg\u00e8ne.<\/p>","protected":false},"featured_media":341,"comment_status":"open","ping_status":"closed","template":"","meta":[],"product_cat":[38],"product_tag":[39],"_links":{"self":[{"href":"https:\/\/beintea.ca\/fr\/wp-json\/wp\/v2\/product\/365"}],"collection":[{"href":"https:\/\/beintea.ca\/fr\/wp-json\/wp\/v2\/product"}],"about":[{"href":"https:\/\/beintea.ca\/fr\/wp-json\/wp\/v2\/types\/product"}],"replies":[{"embeddable":true,"href":"https:\/\/beintea.ca\/fr\/wp-json\/wp\/v2\/comments?post=365"}],"wp:featuredmedia":[{"embeddable":true,"href":"https:\/\/beintea.ca\/fr\/wp-json\/wp\/v2\/media\/341"}],"wp:attachment":[{"href":"https:\/\/beintea.ca\/fr\/wp-json\/wp\/v2\/media?parent=365"}],"wp:term":[{"taxonomy":"product_cat","embeddable":true,"href":"https:\/\/beintea.ca\/fr\/wp-json\/wp\/v2\/product_cat?post=365"},{"taxonomy":"product_tag","embeddable":true,"href":"https:\/\/beintea.ca\/fr\/wp-json\/wp\/v2\/product_tag?post=365"}],"curies":[{"name":"wp","href":"https:\/\/api.w.org\/{rel}","templated":true}]}}