{"id":354,"date":"2019-11-15T07:33:19","date_gmt":"2019-11-15T07:33:19","guid":{"rendered":"http:\/\/beintea.ca\/?post_type=product&#038;p=354"},"modified":"2019-11-17T08:09:31","modified_gmt":"2019-11-17T08:09:31","slug":"mint-tea","status":"publish","type":"product","link":"https:\/\/beintea.ca\/fr\/produit\/mint-tea\/","title":{"rendered":"Th\u00e9 \u00e0 la menthe"},"content":{"rendered":"<p>Le th\u00e9 \u00e0 la menthe est une tisane appr\u00e9ci\u00e9e dans le monde entier pour son ar\u00f4me frais et son go\u00fbt apaisant. Les bienfaits du th\u00e9 \u00e0 la menthe sont largement promus, mais tous ne sont pas soutenus par des \u00e9tudes scientifiques. D'autres types de th\u00e9 \u00e0 la menthe, comme le Skinny Mint Tea, sont devenus populaires en partie en raison des bienfaits du th\u00e9 \u00e0 la menthe.<\/p>","protected":false},"excerpt":{"rendered":"<p>Le th\u00e9 \u00e0 la menthe est une tisane appr\u00e9ci\u00e9e dans le monde entier pour son ar\u00f4me frais et son go\u00fbt apaisant. Les bienfaits du th\u00e9 \u00e0 la menthe sont largement promus, mais tous ne sont pas soutenus par des \u00e9tudes scientifiques. D'autres types de th\u00e9 \u00e0 la menthe, comme le Skinny Mint Tea, sont devenus populaires en partie en raison des bienfaits du th\u00e9 \u00e0 la menthe.<\/p>","protected":false},"featured_media":349,"comment_status":"open","ping_status":"closed","template":"","meta":[],"product_cat":[30],"product_tag":[31],"_links":{"self":[{"href":"https:\/\/beintea.ca\/fr\/wp-json\/wp\/v2\/product\/354"}],"collection":[{"href":"https:\/\/beintea.ca\/fr\/wp-json\/wp\/v2\/product"}],"about":[{"href":"https:\/\/beintea.ca\/fr\/wp-json\/wp\/v2\/types\/product"}],"replies":[{"embeddable":true,"href":"https:\/\/beintea.ca\/fr\/wp-json\/wp\/v2\/comments?post=354"}],"wp:featuredmedia":[{"embeddable":true,"href":"https:\/\/beintea.ca\/fr\/wp-json\/wp\/v2\/media\/349"}],"wp:attachment":[{"href":"https:\/\/beintea.ca\/fr\/wp-json\/wp\/v2\/media?parent=354"}],"wp:term":[{"taxonomy":"product_cat","embeddable":true,"href":"https:\/\/beintea.ca\/fr\/wp-json\/wp\/v2\/product_cat?post=354"},{"taxonomy":"product_tag","embeddable":true,"href":"https:\/\/beintea.ca\/fr\/wp-json\/wp\/v2\/product_tag?post=354"}],"curies":[{"name":"wp","href":"https:\/\/api.w.org\/{rel}","templated":true}]}}